{"id":44,"date":"2009-10-13T13:16:55","date_gmt":"2009-10-13T11:16:55","guid":{"rendered":"http:\/\/old.uggla100.se.loopiadns.com\/?page_id=44"},"modified":"2022-07-18T21:07:16","modified_gmt":"2022-07-18T19:07:16","slug":"styrelsen","status":"publish","type":"page","link":"https:\/\/old.uggla100.se\/?page_id=44","title":{"rendered":"Styrelsen"},"content":{"rendered":"<table border=\"0\" width=\"437\" cellspacing=\"10\" cellpadding=\"10\" align=\"left\">\n<tbody>\n<tr>\n<td style=\"text-align: left;\" width=\"136\" height=\"140\">&nbsp;<\/td>\n<td style=\"text-align: left;\" width=\"231\" height=\"140\"><strong>Charlotte Uggla<\/strong>&nbsp;<\/p>\n<p>Ordf\u00f6rande<\/p>\n<p><a href=\"mailto:slaktenuggla@gmail.com\">slaktenuggla@gmail.com<\/a><\/td>\n<\/tr>\n<tr>\n<td valign=\"middle\" width=\"136\" height=\"140\">&nbsp;<\/td>\n<td valign=\"middle\" height=\"140\">\n<p class=\"breadmindre\"><strong>Claes Ljungdahl<\/strong><\/p>\n<p class=\"breadmindre\">Vice ordf\u00f6rande<\/p>\n<\/td>\n<\/tr>\n<tr>\n<td style=\"text-align: left;\" width=\"136\" height=\"140\">&nbsp;<\/td>\n<td style=\"text-align: left;\" height=\"140\">\n<p class=\"breadmindre\"><strong>Josefine Uggla<\/strong><\/p>\n<p class=\"breadmindre\">Sekreterare<\/p>\n<\/td>\n<\/tr>\n<tr>\n<td width=\"136\" height=\"140\">&nbsp;<\/td>\n<td height=\"140\"><strong>Marcus Josberg<\/strong><\/p>\n<p>Skattm\u00e4stare<\/td>\n<\/tr>\n<tr>\n<td width=\"136\" height=\"140\">&nbsp;<\/td>\n<td height=\"140\"><strong>Johan Ljungdahl<\/strong><\/p>\n<p>Webbmaster<br \/>\nIT &amp; Medlemsregister<\/td>\n<\/tr>\n<tr>\n<td valign=\"middle\" width=\"136\" height=\"140\">&nbsp;<\/td>\n<td valign=\"middle\" height=\"140\">\n<p class=\"breadmindre\"><strong>Olof Uggla<\/strong><\/p>\n<p class=\"breadmindre\">Ungdomsverksamheten<\/p>\n<\/td>\n<\/tr>\n<tr>\n<td style=\"text-align: left;\" width=\"136\" height=\"140\">&nbsp;<\/td>\n<td style=\"text-align: left;\" height=\"140\"><strong>Monica Uggla Holgersson<\/strong><\/p>\n<p>Ledamot<\/td>\n<\/tr>\n<tr>\n<td width=\"136\" height=\"140\">&nbsp;<\/td>\n<td height=\"140\"><strong>Helena Uggla<\/strong><\/p>\n<p>Ledamot<\/td>\n<\/tr>\n<\/tbody>\n<\/table>\n","protected":false},"excerpt":{"rendered":"<p>&nbsp; Charlotte Uggla&nbsp; Ordf\u00f6rande slaktenuggla@gmail.com &nbsp; Claes Ljungdahl Vice ordf\u00f6rande &nbsp; Josefine Uggla Sekreterare &nbsp; Marcus Josberg Skattm\u00e4stare &nbsp; Johan Ljungdahl Webbmaster IT &amp; Medlemsregister &nbsp; Olof Uggla Ungdomsverksamheten &nbsp; Monica Uggla Holgersson Ledamot &nbsp; Helena Uggla Ledamot<\/p>\n","protected":false},"author":1,"featured_media":0,"parent":0,"menu_order":0,"comment_status":"open","ping_status":"open","template":"","meta":{"ngg_post_thumbnail":0},"_links":{"self":[{"href":"https:\/\/old.uggla100.se\/index.php?rest_route=\/wp\/v2\/pages\/44"}],"collection":[{"href":"https:\/\/old.uggla100.se\/index.php?rest_route=\/wp\/v2\/pages"}],"about":[{"href":"https:\/\/old.uggla100.se\/index.php?rest_route=\/wp\/v2\/types\/page"}],"author":[{"embeddable":true,"href":"https:\/\/old.uggla100.se\/index.php?rest_route=\/wp\/v2\/users\/1"}],"replies":[{"embeddable":true,"href":"https:\/\/old.uggla100.se\/index.php?rest_route=%2Fwp%2Fv2%2Fcomments&post=44"}],"version-history":[{"count":65,"href":"https:\/\/old.uggla100.se\/index.php?rest_route=\/wp\/v2\/pages\/44\/revisions"}],"predecessor-version":[{"id":29523,"href":"https:\/\/old.uggla100.se\/index.php?rest_route=\/wp\/v2\/pages\/44\/revisions\/29523"}],"wp:attachment":[{"href":"https:\/\/old.uggla100.se\/index.php?rest_route=%2Fwp%2Fv2%2Fmedia&parent=44"}],"curies":[{"name":"wp","href":"https:\/\/api.w.org\/{rel}","templated":true}]}}