{"id":38,"date":"2009-10-13T13:18:18","date_gmt":"2009-10-13T11:18:18","guid":{"rendered":"http:\/\/old.uggla100.se.loopiadns.com\/?page_id=38"},"modified":"2022-07-18T21:08:42","modified_gmt":"2022-07-18T19:08:42","slug":"medlemmar","status":"publish","type":"page","link":"https:\/\/old.uggla100.se\/?page_id=38","title":{"rendered":"Medlemmar"},"content":{"rendered":"<p>F\u00f6reningen \u00e4r \u00f6ppen f\u00f6r personer med n\u00e4ra anknytning till sl\u00e4kten Uggla. Se stadgarna.<\/p>\n<p>F\u00f6r att bli medlem skicka ett ans\u00f6kningsmail till slaktenuggla@gmail.com, inneh\u00e5llande: namn, efternamn, f\u00f6delsedatum (t.ex: 19811230), mailadress, bostadsadress samt kort beskrivning kring ditt sl\u00e4ktskap med sl\u00e4kten. Skicka ocks\u00e5 medlemsavgiften p\u00e5&nbsp;<em>f\u00f6reningens <\/em><strong><em>nya<\/em><\/strong><em> bankgiro: <\/em><strong><em>5219-6847 <\/em><\/strong>med noggrant angivande av vad och&nbsp;vem&nbsp;betalningen avser<\/p>\n<p>Med ing\u00e5ngen av 2009 \u00e4r kostnaden f\u00f6r medlemskap f\u00f6r den som fyllt 26 \u00e5r 300kr f\u00f6r tre\u00e5rsperioden fram till och med n\u00e4sta sl\u00e4ktm\u00f6te eller 500 kr f\u00f6r st\u00e4ndigt medlemskap.<\/p>\n<p><strong>Vet ni med er att ni eller n\u00e5gon annan medlem inte f\u00e5r sl\u00e4ktens nyhetsbrev per mail, v\u00e4nligen skicka en uppdaterad mailadress till <\/strong><a href=\"mailto:slaktenuggla@gmail.com\"><strong>slaktenu<\/strong><strong>ggla@gmail.com<\/strong><\/a><\/p>\n\n\n<p><\/p>\n","protected":false},"excerpt":{"rendered":"<p>F\u00f6reningen \u00e4r \u00f6ppen f\u00f6r personer med n\u00e4ra anknytning till sl\u00e4kten Uggla. Se stadgarna. F\u00f6r att bli medlem skicka ett ans\u00f6kningsmail till slaktenuggla@gmail.com, inneh\u00e5llande: namn, efternamn, f\u00f6delsedatum (t.ex: 19811230), mailadress, bostadsadress samt kort beskrivning kring ditt sl\u00e4ktskap med sl\u00e4kten. Skicka ocks\u00e5 medlemsavgiften p\u00e5&nbsp;f\u00f6reningens nya bankgiro: 5219-6847 med noggrant angivande av vad och&nbsp;vem&nbsp;betalningen avser Med ing\u00e5ngen av [&hellip;]<\/p>\n","protected":false},"author":1,"featured_media":0,"parent":0,"menu_order":0,"comment_status":"open","ping_status":"open","template":"","meta":{"ngg_post_thumbnail":0},"_links":{"self":[{"href":"https:\/\/old.uggla100.se\/index.php?rest_route=\/wp\/v2\/pages\/38"}],"collection":[{"href":"https:\/\/old.uggla100.se\/index.php?rest_route=\/wp\/v2\/pages"}],"about":[{"href":"https:\/\/old.uggla100.se\/index.php?rest_route=\/wp\/v2\/types\/page"}],"author":[{"embeddable":true,"href":"https:\/\/old.uggla100.se\/index.php?rest_route=\/wp\/v2\/users\/1"}],"replies":[{"embeddable":true,"href":"https:\/\/old.uggla100.se\/index.php?rest_route=%2Fwp%2Fv2%2Fcomments&post=38"}],"version-history":[{"count":26,"href":"https:\/\/old.uggla100.se\/index.php?rest_route=\/wp\/v2\/pages\/38\/revisions"}],"predecessor-version":[{"id":29524,"href":"https:\/\/old.uggla100.se\/index.php?rest_route=\/wp\/v2\/pages\/38\/revisions\/29524"}],"wp:attachment":[{"href":"https:\/\/old.uggla100.se\/index.php?rest_route=%2Fwp%2Fv2%2Fmedia&parent=38"}],"curies":[{"name":"wp","href":"https:\/\/api.w.org\/{rel}","templated":true}]}}