{"id":34,"date":"2009-10-13T12:58:57","date_gmt":"2009-10-13T10:58:57","guid":{"rendered":"http:\/\/old.uggla100.se.loopiadns.com\/?page_id=34"},"modified":"2017-11-07T20:19:51","modified_gmt":"2017-11-07T18:19:51","slug":"stipendier","status":"publish","type":"page","link":"https:\/\/old.uggla100.se\/?page_id=34","title":{"rendered":"Stipendier"},"content":{"rendered":"<p>Sl\u00e4ktf\u00f6reningen Ugglas stipendier Sl\u00e4ktf\u00f6reningen Uggla disponerar avkastningen fr\u00e5n n\u00e5gra fonder att anv\u00e4ndas dels till 1. Studierelaterade stipendier, 2. Bidrag till beh\u00f6vanden.<\/p>\n<p>Ans\u00f6kningstiden g\u00e5r ut p\u00e5 h\u00f6sten den <strong>1 oktober<\/strong> och p\u00e5 v\u00e5ren den <strong>1 april<\/strong>.<\/p>\n<p>Ans\u00f6kan behandlas d\u00e4refter p\u00e5 n\u00e4rmast f\u00f6ljande styrelsem\u00f6te vilket normalt sker samma m\u00e5nad som resp. ans\u00f6kningstid g\u00e5r ut. Du f\u00e5r ett svar direkt efter det att styrelsen fattat beslut.<\/p>\n<p>Observera att retroaktiva bidrag ej delas ur.<\/p>\n<p>Om Du beviljas bidrag f\u00f6r t.ex studier f\u00f6ruts\u00e4tter detta att Du ocks\u00e5 fullf\u00f6ljer Dina planer. Om s\u00e5 ej sker f\u00f6religger \u00e5terbetalningsskyldighet.<\/p>\n<p>Det ligger p\u00e5 varje s\u00f6kandens ansvar att ans\u00f6kan \u00e4r s\u00e5 fullst\u00e4ndig som m\u00f6jligt.<\/p>\n<p>Observera att Du skall vara medlem i sl\u00e4ktf\u00f6reningen eller barn till medlem f\u00f6r att vara ber\u00e4ttigad till bidrag.<\/p>\n<p>Ans\u00f6kan skall inneh\u00e5lla f\u00f6ljande uppgifter:<\/p>\n<p>1. Namn<br \/>\n2. Adress<br \/>\n3. Telefon<br \/>\n4. Medlem\/Ej medlem<br \/>\n5. Typ av studier \/ Orsak till bidrag<br \/>\n6. Kostnader f\u00f6r studier \u2013 ekonomisk redog\u00f6relse<br \/>\n7. Egen ekonomisk redog\u00f6relse s\u00e5som inkomst fr\u00e5n arbete, ev. \u00f6vriga bidrag, f\u00f6rm\u00f6genhet ( ej bunden f\u00f6rm\u00f6genhet eller bostad ), skulder.<br \/>\n8. \u00d6vriga uppgifter som kan vara av intresse f\u00f6r styrelsen inf\u00f6r ett beslut.<br \/>\n9. Kontonummer och namn p\u00e5 kreditinr\u00e4ttning som ev bidrag skall betalas in p\u00e5.<\/p>\n<p>Ans\u00f6kan skickas och skall vara ordf\u00f6randen tillhanda senast den 1 april respektive 1 oktober:<\/p>\n<p>Charlotte Uggla, Ban\u00e9rgatan 55, 11553 Stockholm<br \/>\nEmail: evacharlotteuggla@hotmail.com<\/p>\n<p>Ang\u00e5ende den ekonomiska f\u00f6rvaltningen omfattar den en sl\u00e4ktfond, som fr\u00e4mst anv\u00e4nds till f\u00f6reningskostnader och subventionering av aktiviteter, Elisabet Ugglas fond, som anv\u00e4nds f\u00f6r underst\u00f6d av beh\u00f6vande och f\u00f6r studier samt Christer och Ulla Ugglas donation, till vilken fn avkastningen l\u00e4ggs till kapitalet.<\/p>\n<p>V\u00e4lkommen med en ans\u00f6kan<\/p>\n<p>Styrelsen<\/p>\n","protected":false},"excerpt":{"rendered":"<p>Sl\u00e4ktf\u00f6reningen Ugglas stipendier Sl\u00e4ktf\u00f6reningen Uggla disponerar avkastningen fr\u00e5n n\u00e5gra fonder att anv\u00e4ndas dels till 1. Studierelaterade stipendier, 2. Bidrag till beh\u00f6vanden. Ans\u00f6kningstiden g\u00e5r ut p\u00e5 h\u00f6sten den 1 oktober och p\u00e5 v\u00e5ren den 1 april. Ans\u00f6kan behandlas d\u00e4refter p\u00e5 n\u00e4rmast f\u00f6ljande styrelsem\u00f6te vilket normalt sker samma m\u00e5nad som resp. ans\u00f6kningstid g\u00e5r ut. Du f\u00e5r ett [&hellip;]<\/p>\n","protected":false},"author":1,"featured_media":0,"parent":0,"menu_order":0,"comment_status":"open","ping_status":"open","template":"","meta":{"ngg_post_thumbnail":0},"_links":{"self":[{"href":"https:\/\/old.uggla100.se\/index.php?rest_route=\/wp\/v2\/pages\/34"}],"collection":[{"href":"https:\/\/old.uggla100.se\/index.php?rest_route=\/wp\/v2\/pages"}],"about":[{"href":"https:\/\/old.uggla100.se\/index.php?rest_route=\/wp\/v2\/types\/page"}],"author":[{"embeddable":true,"href":"https:\/\/old.uggla100.se\/index.php?rest_route=\/wp\/v2\/users\/1"}],"replies":[{"embeddable":true,"href":"https:\/\/old.uggla100.se\/index.php?rest_route=%2Fwp%2Fv2%2Fcomments&post=34"}],"version-history":[{"count":6,"href":"https:\/\/old.uggla100.se\/index.php?rest_route=\/wp\/v2\/pages\/34\/revisions"}],"predecessor-version":[{"id":276,"href":"https:\/\/old.uggla100.se\/index.php?rest_route=\/wp\/v2\/pages\/34\/revisions\/276"}],"wp:attachment":[{"href":"https:\/\/old.uggla100.se\/index.php?rest_route=%2Fwp%2Fv2%2Fmedia&parent=34"}],"curies":[{"name":"wp","href":"https:\/\/api.w.org\/{rel}","templated":true}]}}