{"id":26,"date":"2009-10-13T12:50:17","date_gmt":"2009-10-13T10:50:17","guid":{"rendered":"http:\/\/old.uggla100.se.loopiadns.com\/?page_id=26"},"modified":"2010-12-08T14:44:28","modified_gmt":"2010-12-08T12:44:28","slug":"stadgar","status":"publish","type":"page","link":"https:\/\/old.uggla100.se\/?page_id=26","title":{"rendered":"Stadgar"},"content":{"rendered":"<p>Stadgar f\u00f6r Sl\u00e4ktf\u00f6reningen UGGLA &#8211; antagna den 25 maj 1935 med \u00e4ndringar av den 9 oktober 1948, den 25 maj 1957, den 10 maj 1969, den 15 maj 1987 och den 25 oktober 2008.<\/p>\n<p>\u00a7 1 F\u00f6reningens \u00e4ndam\u00e5l<\/p>\n<p>F\u00f6reningen utg\u00f6r en sammanslutning av medlemmar av sl\u00e4kten Uggla (friherrliga \u00e4tten 69 och adliga \u00e4tten 100).<br \/>\nDess \u00e4ndam\u00e5l \u00e4r att verka f\u00f6r samh\u00f6righetsk\u00e4nslans st\u00e4rkande mellan medlemmarna, att tillvarata deras gemensamma intressen, och att i m\u00e5n av m\u00f6jlighet l\u00e4mna underst\u00f6d till sl\u00e4ktmedlemmar, som \u00e4r i behov av detta.<br \/>\nD\u00e4rut\u00f6ver skall f\u00f6reningen st\u00f6dja de friherrliga och adliga \u00e4tternas huvudm\u00e4n i deras representation.<\/p>\n<p>\u00a7 2 Medlemskap<\/p>\n<p>Medlem av sl\u00e4ktf\u00f6reningen \u00e4r man eller kvinna, som genom f\u00f6dseln tillh\u00f6r sl\u00e4kten eller som genom gifte \u00e4r f\u00f6renad med sl\u00e4ktmedlem.<br \/>\nBarn eller barnbarn till sl\u00e4ktmedlem \u00e4ger r\u00e4tt att intr\u00e4da som medlem.<br \/>\nMedlemsregistrering sker genom anm\u00e4lan till sl\u00e4ktf\u00f6reningen Ugglas hemsida:<br \/>\nwww.old.uggla100.se<\/p>\n<p>\u00a7 3 Medlemsavgift<\/p>\n<p>Medlemsavgiftens storlek fastst\u00e4lls vid ordinarie sl\u00e4ktm\u00f6te.<br \/>\nMedlemsavgiften skall betalas under januari m\u00e5nad.<\/p>\n<p>\u00a7 4 Hedersledam\u00f6ter<\/p>\n<p>Ordinarie sl\u00e4ktm\u00f6te kan till hedersledamot utse f\u00f6reningsmedlem som p\u00e5 ett f\u00f6rtj\u00e4nstfullt s\u00e4tt fr\u00e4mjat f\u00f6reningens syften eller p\u00e5 annat s\u00e4tt verkat f\u00f6r sl\u00e4ktf\u00f6reningen.<\/p>\n<p>\u00a7 5 Donationer, g\u00e5vor m.m.<\/p>\n<p>Sl\u00e4ktfonden Uggla st\u00e5r till sl\u00e4ktr\u00e5dets f\u00f6rfogande f\u00f6r administrativa kostnader samt f\u00f6r subventionering av sammankomster m.m.<br \/>\nD\u00e4rut\u00f6ver disponerar sl\u00e4ktr\u00e5det \u00f6ver avkastningen i Elisabeth Ugglas fond samt Christer och Ulla Ugglas donation.<br \/>\nOm det vid donationer eller testamenten eller g\u00e5vor till f\u00f6reningen f\u00f6religger skillnad mellan givarens best\u00e4mmelser och dessa stadgar, skall de villkor, som donationens eller testamentets villkor g\u00e4lla framf\u00f6r best\u00e4mmelserna i dessa stadgar.<br \/>\nSl\u00e4ktfonden f\u00e5r inte helt eller delvis skiftas mellan medlemmarna.<br \/>\nMedlem som uttr\u00e4der ur f\u00f6reningen har inte r\u00e4tt att f\u00e5 n\u00e5gon del av f\u00f6reningens tillg\u00e5ngar.<\/p>\n<p>\u00a7 6 Styrelse<\/p>\n<p>F\u00f6reningens styrelse kallas sl\u00e4ktr\u00e5d, och dess ledam\u00f6ter v\u00e4ljs p\u00e5 ordinarie sl\u00e4ktm\u00f6te f\u00f6r tiden fram till n\u00e4sta sl\u00e4ktm\u00f6te. F\u00f6rst v\u00e4ljs ordf\u00f6rande, d\u00e4refter \u00f6vriga ledam\u00f6ter.<br \/>\nSl\u00e4ktr\u00e5det skall best\u00e5 av 6 &#8211; 10 ledam\u00f6ter.<br \/>\nLedamot kan ing\u00e5 i styrelsen under h\u00f6gst tre mandatperioder (9 \u00e5r).<br \/>\nStyrelsen skall verka f\u00f6r en aktiv ungdomssektion.<\/p>\n<p>\u00a7 7 Sl\u00e4ktr\u00e5dssammantr\u00e4de<\/p>\n<p>Sl\u00e4ktr\u00e5det sammantr\u00e4der p\u00e5 ordf\u00f6randens kallelse eller d\u00e5 n\u00e5gon av dess ledam\u00f6ter s\u00e5 \u00f6nskar.<br \/>\nSl\u00e4ktr\u00e5det \u00e4r beslutm\u00e4ssigt d\u00e5 minst fyra ledam\u00f6ter \u00e4r n\u00e4rvarande. Dock kan beslut \u00e4ven fattas genom skriftlig votering ang\u00e5ende f\u00f6rslag som cirkulerat mellan ledam\u00f6terna. Vid omr\u00f6stning har varje sl\u00e4ktr\u00e5dsledamot en r\u00f6st. Vid lika r\u00f6stetal har ordf\u00f6randen utslagsr\u00f6st.<\/p>\n<p>\u00a7 8 Sl\u00e4ktm\u00f6te<\/p>\n<p>Ordinarie sl\u00e4ktm\u00f6te skall h\u00e5llas vart tredje \u00e5r. D\u00e4rvid skall behandlas:<br \/>\nA. Sl\u00e4ktr\u00e5dets ber\u00e4ttelse f\u00f6r tiden sedan senaste sl\u00e4ktm\u00f6tet<br \/>\nB. Revisorernas ber\u00e4ttelse f\u00f6r samma tid<br \/>\nC. Fr\u00e5ga om ansvarsfrihet f\u00f6r sl\u00e4ktr\u00e5det f\u00f6r tiden fr\u00e5n senaste ordinarie sl\u00e4ktm\u00f6te<br \/>\nD. Val av sl\u00e4ktr\u00e5d<br \/>\nE. Val av tv\u00e5 revisorer samt tv\u00e5 revisorssuppleanter<br \/>\nF. Beslut om \u00e5rsavgifter<br \/>\nG. Fr\u00e5gor, som av sl\u00e4ktr\u00e5det h\u00e4nskjutits till sl\u00e4ktm\u00f6tet f\u00f6r avg\u00f6rande<\/p>\n<p>\u00a7 9 Extra sl\u00e4ktm\u00f6te<\/p>\n<p>Extra sl\u00e4ktm\u00f6te sammankallas d\u00e5 sl\u00e4ktr\u00e5det s\u00e5 anser eller om minst tio f\u00f6reningsmedlemmar s\u00e5 \u00f6nskar med angivande av orsaken till detta.<\/p>\n<p>\u00a7 10 Kallelse till sl\u00e4ktm\u00f6te<\/p>\n<p>Kallelse till sl\u00e4ktm\u00f6te skall ske via e-post till varje medlem som har anm\u00e4lt sin e-postadress till webbmaster eller sl\u00e4ktr\u00e5det.<br \/>\nDatum f\u00f6r sl\u00e4ktm\u00f6tet skall ocks\u00e5 inf\u00f6ras p\u00e5 f\u00f6reningens hemsida minst 6 m\u00e5nader innan.<br \/>\nF\u00f6reningsmedlem som \u00f6nskar f\u00e5 f\u00f6rslag behandlat vid sl\u00e4ktm\u00f6tet, skall senast tre veckor innan dagen f\u00f6r m\u00f6tet skriftligen s\u00e4nda f\u00f6rslaget till sl\u00e4ktr\u00e5det, som avg\u00f6r om det skall tas upp vid sl\u00e4ktm\u00f6tet eller behandlas av sl\u00e4ktr\u00e5det.<br \/>\nVid sl\u00e4ktm\u00f6te har varje myndig medlem en r\u00f6st.<br \/>\nFr\u00e5nvarande medlem kan genom fullmakt \u00f6verl\u00e5ta sin r\u00f6str\u00e4tt p\u00e5 annan n\u00e4rvarande medlem; dock kan ingen medlem ut\u00f6va r\u00f6str\u00e4tt f\u00f6r mer \u00e4n sammanlagt tre r\u00f6ster.<br \/>\nVid lika r\u00f6stetal avg\u00f6rs val genom lottning; i andra fr\u00e5gor \u00e4ger ordf\u00f6randen utslagsr\u00f6st.<\/p>\n<p>\u00a7 11 R\u00e4kenskaper<\/p>\n<p>F\u00f6reningens r\u00e4kenskaper skall avslutas f\u00f6r varje kalender\u00e5r och senast den sista februari efterf\u00f6ljande \u00e5r l\u00e4mnas till f\u00f6reningens revisorer f\u00f6r granskning. Ber\u00e4ttelse \u00f6ver granskningen skall l\u00e4mnas snarast m\u00f6jligt till sl\u00e4ktr\u00e5det.<\/p>\n<p>\u00a7 12 \u00c4ndring av stadgar<\/p>\n<p>F\u00f6r \u00e4ndring av dessa stadgar fordras beslut vid sl\u00e4ktm\u00f6te med med minst tv\u00e5 tredjedelar av avgivna r\u00f6ster.<\/p>\n<p>\u00a7 13 Uppl\u00f6sning av f\u00f6reningen<\/p>\n<p>F\u00f6r uppl\u00f6sning av sl\u00e4ktf\u00f6reningen fordras beslut vid tv\u00e5 p\u00e5 varandra f\u00f6ljande sl\u00e4ktm\u00f6ten med minst ett \u00e5rs mellanrum, av vilka det ena m\u00f6tet skall vara ordinarie sl\u00e4ktm\u00f6te. F\u00f6r beslut kr\u00e4vs att minst 80 r\u00f6ster \u00e4r f\u00f6r f\u00f6rslaget.<\/p>\n<p>\u00a7 14 F\u00f6r beslut enligt \u00a7\u00a7 12 och 13 skall sl\u00e4ktr\u00e5det informera Riddarhusdirektionen.<\/p>\n<p>Stadgar antagna den 25 \/10 2008<\/p>\n","protected":false},"excerpt":{"rendered":"<p>Stadgar f\u00f6r Sl\u00e4ktf\u00f6reningen UGGLA &#8211; antagna den 25 maj 1935 med \u00e4ndringar av den 9 oktober 1948, den 25 maj 1957, den 10 maj 1969, den 15 maj 1987 och den 25 oktober 2008. \u00a7 1 F\u00f6reningens \u00e4ndam\u00e5l F\u00f6reningen utg\u00f6r en sammanslutning av medlemmar av sl\u00e4kten Uggla (friherrliga \u00e4tten 69 och adliga \u00e4tten 100). Dess [&hellip;]<\/p>\n","protected":false},"author":1,"featured_media":0,"parent":0,"menu_order":0,"comment_status":"open","ping_status":"open","template":"","meta":{"ngg_post_thumbnail":0},"_links":{"self":[{"href":"https:\/\/old.uggla100.se\/index.php?rest_route=\/wp\/v2\/pages\/26"}],"collection":[{"href":"https:\/\/old.uggla100.se\/index.php?rest_route=\/wp\/v2\/pages"}],"about":[{"href":"https:\/\/old.uggla100.se\/index.php?rest_route=\/wp\/v2\/types\/page"}],"author":[{"embeddable":true,"href":"https:\/\/old.uggla100.se\/index.php?rest_route=\/wp\/v2\/users\/1"}],"replies":[{"embeddable":true,"href":"https:\/\/old.uggla100.se\/index.php?rest_route=%2Fwp%2Fv2%2Fcomments&post=26"}],"version-history":[{"count":2,"href":"https:\/\/old.uggla100.se\/index.php?rest_route=\/wp\/v2\/pages\/26\/revisions"}],"predecessor-version":[{"id":362,"href":"https:\/\/old.uggla100.se\/index.php?rest_route=\/wp\/v2\/pages\/26\/revisions\/362"}],"wp:attachment":[{"href":"https:\/\/old.uggla100.se\/index.php?rest_route=%2Fwp%2Fv2%2Fmedia&parent=26"}],"curies":[{"name":"wp","href":"https:\/\/api.w.org\/{rel}","templated":true}]}}