{"id":2,"date":"2009-10-13T12:00:13","date_gmt":"2009-10-13T10:00:13","guid":{"rendered":"http:\/\/old.uggla100.se.loopiadns.com\/?page_id=2"},"modified":"2014-06-29T22:54:46","modified_gmt":"2014-06-29T20:54:46","slug":"om","status":"publish","type":"page","link":"https:\/\/old.uggla100.se\/?page_id=2","title":{"rendered":"Om Sl\u00e4ktf\u00f6reningen Uggla"},"content":{"rendered":"<p>Sl\u00e4ktf\u00f6reningen Ugglas verksamhet<\/p>\n<p>Sl\u00e4ktf\u00f6reningen bildades 1936 med \u00e4ndam\u00e5let att st\u00e4rka sammanh\u00e5llningen inom sl\u00e4kten, tillvarata dess intressen samt i m\u00e5n av m\u00f6jlighet ekonomiskt st\u00f6dja beh\u00f6vande medlemmar. Sl\u00e4ktf\u00f6reningens styrelse kallas sl\u00e4ktr\u00e5det och sammantr\u00e4der 2-3 g\u00e5nger \u00e5rligen samt beslutar d\u00e5 om aktiviteter och ekonomisk f\u00f6rvaltning. Sl\u00e4ktm\u00f6te genomf\u00f6rs vart tredje \u00e5r i oktober p\u00e5 Riddarhuset och omfattar d\u00e5 sl\u00e4ktm\u00f6tesf\u00f6rhandlingar med efterf\u00f6ljande middag och dans. Under mellanliggande \u00e5r genomf\u00f6rs ibland \u00e4ven en utf\u00e4rd till n\u00e5got utflyktsm\u00e5l, helst med anknytning till sl\u00e4kten Uggla. Sl\u00e4ktf\u00f6reningen har \u00e4ven aktiviteter speciellt f\u00f6r sl\u00e4ktens ungdomar (under 35 \u00e5r) f\u00f6r att st\u00e4rka\u00a0intresset f\u00f6r sl\u00e4ktgemenskapen redan i unga \u00e5r.<\/p>\n","protected":false},"excerpt":{"rendered":"<p>Sl\u00e4ktf\u00f6reningen Ugglas verksamhet Sl\u00e4ktf\u00f6reningen bildades 1936 med \u00e4ndam\u00e5let att st\u00e4rka sammanh\u00e5llningen inom sl\u00e4kten, tillvarata dess intressen samt i m\u00e5n av m\u00f6jlighet ekonomiskt st\u00f6dja beh\u00f6vande medlemmar. Sl\u00e4ktf\u00f6reningens styrelse kallas sl\u00e4ktr\u00e5det och sammantr\u00e4der 2-3 g\u00e5nger \u00e5rligen samt beslutar d\u00e5 om aktiviteter och ekonomisk f\u00f6rvaltning. Sl\u00e4ktm\u00f6te genomf\u00f6rs vart tredje \u00e5r i oktober p\u00e5 Riddarhuset och omfattar d\u00e5 sl\u00e4ktm\u00f6tesf\u00f6rhandlingar [&hellip;]<\/p>\n","protected":false},"author":1,"featured_media":0,"parent":0,"menu_order":0,"comment_status":"open","ping_status":"open","template":"","meta":{"ngg_post_thumbnail":0},"_links":{"self":[{"href":"https:\/\/old.uggla100.se\/index.php?rest_route=\/wp\/v2\/pages\/2"}],"collection":[{"href":"https:\/\/old.uggla100.se\/index.php?rest_route=\/wp\/v2\/pages"}],"about":[{"href":"https:\/\/old.uggla100.se\/index.php?rest_route=\/wp\/v2\/types\/page"}],"author":[{"embeddable":true,"href":"https:\/\/old.uggla100.se\/index.php?rest_route=\/wp\/v2\/users\/1"}],"replies":[{"embeddable":true,"href":"https:\/\/old.uggla100.se\/index.php?rest_route=%2Fwp%2Fv2%2Fcomments&post=2"}],"version-history":[{"count":6,"href":"https:\/\/old.uggla100.se\/index.php?rest_route=\/wp\/v2\/pages\/2\/revisions"}],"predecessor-version":[{"id":709,"href":"https:\/\/old.uggla100.se\/index.php?rest_route=\/wp\/v2\/pages\/2\/revisions\/709"}],"wp:attachment":[{"href":"https:\/\/old.uggla100.se\/index.php?rest_route=%2Fwp%2Fv2%2Fmedia&parent=2"}],"curies":[{"name":"wp","href":"https:\/\/api.w.org\/{rel}","templated":true}]}}