{"id":15,"date":"2009-10-13T12:44:48","date_gmt":"2009-10-13T10:44:48","guid":{"rendered":"http:\/\/old.uggla100.se.loopiadns.com\/?page_id=15"},"modified":"2009-11-27T17:49:59","modified_gmt":"2009-11-27T15:49:59","slug":"historik","status":"publish","type":"page","link":"https:\/\/old.uggla100.se\/?page_id=15","title":{"rendered":"Historik"},"content":{"rendered":"<p><!--:se--><a href=\"http:\/\/old.uggla100.se.loopiadns.com\/wp-content\/uploads\/2009\/10\/Claes_Uggla_stor4.jpg\" target=\"_blank\">Amiral<br \/>\nFriherre Claes Uggla<br \/>\n1614-1676<br \/>\n<\/a><\/p>\n<p><a href=\"http:\/\/old.uggla100.se.loopiadns.com\/wp-content\/uploads\/2009\/10\/Claes_Uggla_stor4.jpg\"><img loading=\"lazy\" class=\"size-medium wp-image-23 alignnone\" title=\"Claes_Uggla_stor\" src=\"http:\/\/old.uggla100.se.loopiadns.com\/wp-content\/uploads\/2009\/10\/Claes_Uggla_stor4-202x300.jpg\" alt=\"Claes_Uggla_stor\" width=\"182\" height=\"270\" srcset=\"https:\/\/old.uggla100.se\/wp-content\/uploads\/2009\/10\/Claes_Uggla_stor4-202x300.jpg 202w, https:\/\/old.uggla100.se\/wp-content\/uploads\/2009\/10\/Claes_Uggla_stor4.jpg 404w\" sizes=\"(max-width: 182px) 100vw, 182px\" \/><\/a><\/p>\n<p>Sl\u00e4ktf\u00f6reningens sekreterare Evald Uggla tar tacksamt emot synpunkter<\/p>\n<p>Adliga \u00e4tten Uggla nr 100<\/p>\n<p>\u00c4tten Uggla \u00e4r en gammal fr\u00e4lsesl\u00e4kt fr\u00e5n V\u00e4sterg\u00f6tland, k\u00e4nd sedan \u00e5r 1508. Sl\u00e4kten blev introducerad p\u00e5 Riddarhuset 1625 och fick nummer 100. Den har flest antal medlemmar och r\u00e4knas som den st\u00f6rsta \u00e4tten inom den svenska adeln. M\u00e5nga medlemmar bor i USA. I b\u00f6rjan av 1600-talet delade sig \u00e4tten i sex grenar: P\u00e5arps, Claestorps, finska, Averstads och Krokstads, Saleby samt v\u00e4rml\u00e4ndska \u00e4ttegrenen. Idag finns den finska grenen, Krokstadsgrenen och den v\u00e4rml\u00e4ndska grenen kvar. Grenar intagna p\u00e5 Finlands Riddarhus lever i Finland, Norge och Polen. \u00c4tten utgrenade sig 1676 i friherrliga \u00e4tten Uggla.<\/p>\n<p>Sl\u00e4ktens \u00e4ldsta medlem och hans sigill<br \/>\nDen \u00e4ldsta k\u00e4nda medlemmen i sl\u00e4kten Uggla \u00e4r Claas Hansson till Bosg\u00e5rden. Fadern Hans Pedersson \u2013 enligt andra k\u00e4llor hette han Hans Claesson &#8211; var \u00e5r 1470 r\u00e5dgivare \u00e5t riksf\u00f6rest\u00e5ndare Sten Sture den \u00e4ldre. G\u00e5rden l\u00e5g antagligen i Kullings h\u00e4rad i V\u00e4sterg\u00f6tland, d\u00e4r dottern Anna Claesdotter senare bodde.<br \/>\nClaas Hansson var v\u00e4pnare vid \u00d6rebro slott och levde troligtvis \u00e4nnu 1529. Han var gift med Christina Arvidsdotter, dotter till lagmannen och riksr\u00e5det Arvid Knutsson. Paret fick tre barn: Arvid Claesson, Anna Claesdotter och Brita Claesdotter.<\/p>\n<p>Sl\u00e4ktens \u00e4ldsta sigill fr\u00e5n \u00e5r 1517 kommer fr\u00e5n Claas Hansson. Det \u00e4r en uggla v\u00e4nd \u00e5t h\u00f6ger i sk\u00f6lden. I vapnet p\u00e5 riddarhuset, som \u00e4r fr\u00e5n mitten av 1600-talet, \u00e4r ugglan v\u00e4nd \u00e5t v\u00e4nster med en kvist i klon.<\/p>\n<p>Claes Hanssons son Arvid Claesson var h\u00e4radsh\u00f6vding och fick genom gifte flera g\u00e5rdar, bland andra Sj\u00f6g\u00e5rden och P\u00e5arp i V\u00e4sterg\u00f6tland, Dom\u00f6, Grunnevad och Saleby i Skaraborgs l\u00e4n samt Lastorp (nu Claestorp) i S\u00f6rmland. Med hustrun Brita Mickelsdotter fick han s\u00f6nerna Mickel, Claes och Josef Arvidsson samt d\u00f6ttrarna Dorotea, Margareta och Anna Arvidsdotter. Arvid Claesson avled \u00e5r 1557.<\/p>\n<p>Mickel Arvidsson var h\u00e4radsh\u00f6vding och deltog i riksdagarna i Stockholm \u00e5r 1582 och 1590. Han \u00e4gde Sj\u00f6g\u00e5rden och Grunnevad. Han fick \u00e5tta barn varav s\u00f6nerna dog i relativt unga \u00e5r. Mickel Arvidsson dog 1620 och ligger begraven tillsammans med sin andra hustru Carin Carlsdotter och sonen Arvid p\u00e5 Valstads kyrkog\u00e5rd i Skaraborg.<\/p>\n<p>Claes Arvidsson var befallningsman p\u00e5 \u00c4lvsborg och deltog liksom brodern i riksdagen \u00e5r 1582. Han var \u00e4gare till g\u00e5rdarna P\u00e5arp, Saleby och Dom\u00f6 samt Lastorp. Claes Arvidssons sju barn i det f\u00f6rsta \u00e4ktenskapet fick innan faderns d\u00f6d var sin fr\u00e4lseg\u00e5rd. \u00d6vriga tre barn, tv\u00e5 d\u00f6ttrar och en son, f\u00f6rklarades som \u00e4kta n\u00e4r fadern gifte sig f\u00f6r andra g\u00e5ngen. Men de fick inte \u00e4rva n\u00e5gon fast egendom. Claes Arvidsson dog 1611 och ligger begraven tillsammans med sin f\u00f6rsta hustru Estrid Knutsdotter i Murums kyrka.<\/p>\n<p>De sex grenarna<br \/>\nI b\u00f6rjan av 1600-talet delades allts\u00e5 sl\u00e4kten i flera grenar utifr\u00e5n Claes Arvidssons s\u00f6ner:<br \/>\n\u00b7 P\u00e5arps \u00e4ttegren &#8211; huvudman G\u00f6ran Claesson Uggla<br \/>\n\u00b7 Claestorps \u00e4ttegren &#8211; huvudman Knut Claesson Uggla<br \/>\n\u00b7 den finska \u00e4ttegrenen &#8211; huvudman Claes Claesson Uggla<br \/>\n\u00b7 Averstads och Krokstads \u00e4ttegren &#8211; huvudman Johan Claesson Uggla<br \/>\n\u00b7 Saleby \u00e4ttegren &#8211; huvudman Jacob Claesson Uggla<br \/>\n\u00b7 den v\u00e4rml\u00e4ndska \u00e4ttegrenen &#8211; huvudman Hildebrand Claesson Uggla<\/p>\n<p>P\u00e5arps \u00e4ttegren<br \/>\nSonen till G\u00f6ran Claesson Uggla hette Sven var page vid Gustav Adolfs hov, och f\u00f6ljde kungen till Tyskland, d\u00e4r han stannade. Sven Uggla blev major \u00e5r 1645 och dog 1661. Fick tre s\u00f6ner som efterlevde fadern; kaptenen Bengt, studenten Claes och ryttm\u00e4staren Sven. Hans son Svante f\u00f6rde namnet vidare. Svante blev \u00f6verstel\u00f6jtnant 1720 och dog 1760. Efter tv\u00e5 generationer dog denna gren ut 1809.<\/p>\n<p>Claestorps \u00e4ttegren och sl\u00e4ktens introduktion p\u00e5 Riddarhuset<br \/>\nKnut Claesson Uggla fick s\u00e4tesg\u00e5rden Claestorp (tidigare Lastorp) i \u00d6stra Ving\u00e5kers socken i S\u00f6rmland. Han var major och blev \u00e5 sl\u00e4ktens v\u00e4gnar introducerad p\u00e5 Riddarhuset \u00e5r 1625 och fick s\u00e5 sm\u00e5ningom numret 100. Hustrun hette Anna Gyllenhorn och de fick en son och tv\u00e5 d\u00f6ttrar. Sonen Carl dog ogift under polska kriget 1657. Ligger begraven liksom sin far i V\u00e4stra Ving\u00e5kers kyrka.<\/p>\n<p>Finska \u00e4ttegrenen; huvudmannalinjen<br \/>\nF\u00f6rutom f\u00e4dernesg\u00e5rden fick Claes Claesson Uggla s\u00e4teriet Haga i Finland av hertig Johan. Claes var kapten vid flottan och hade bef\u00e4let \u00f6ver sj\u00f6folket i Finland. \u00c5r 1620 blev han amiral. Tillsammans med hustrun Beata Wachtmeister fick de tv\u00e5 d\u00f6ttrar och fyra s\u00f6ner: Claes, Hans, Svante och Gustaf. Hans dog 1651 och efterl\u00e4mnade inga barn. Svante dog 1676 och sonen \u00c5ke f\u00f6rde namnet vidare ytterligare en generation.<\/p>\n<p>Den \u00e4ldste brodern Claes (f\u00f6ljande oklart-red\/sekr mottar tacksamt r\u00e4ttelse f\u00f6r inf\u00f6rande PU) var \u00f6verste och dog 1678 under en genommarsch med sitt regemente i Livland. Under polska kriget fick han s\u00e5 sv\u00e5ra skador, att han f\u00f6rdes in i Krakau som d\u00f6d. Regeringen frik\u00f6pte den f\u00e5ngne \u00f6versten f\u00f6r 600 riksdaler. Vid sin d\u00f6d 1678 begravdes han i Pojo kyrka d\u00e4r vapnet finns uppsatt. Claes fick tre d\u00f6ttrar och en son, Claes, som var lagman. Denne Claes fick fem s\u00f6ner varav tv\u00e5, Gustaf Lorentz och Carl Magnus, f\u00f6rde namnet vidare. Gustaf Lorentz fick \u00e4ttlingar i tre generationer.<\/p>\n<p>Carl-Magnus blev f\u00e4nrik, dog 1740 och ligger liksom sin far begraven i Pojo kyrka. Sonen Carl-Gustaf var kapten och av hans barn var det sonen Gustaf som f\u00f6rde namnet vidare. \u00d6verste Gustaf Uggla, som blev inskriven p\u00e5 riddarhuset i Finland \u00e5r 1818 under nr 4 bland adelsm\u00e4n, fick 1789 sonen Claes Gustaf. Efter avsked ur arm\u00e9n som kapten 1834 blev Claes Gustaf kammarherre. Claes Gustafs fick tre s\u00f6ner och dog 1843. L\u00e4s vidare i Sveriges Adelskalender.<\/p>\n<p>Andra linjen<br \/>\nMed Claes Ugglas bror Gustaf bildas den 2:a linjen p\u00e5 den finl\u00e4ndska \u00e4ttegrenen. Gustaf var l\u00f6jtnant och efterl\u00e4mnade sonen Carl, d\u00f6d \u00e5r 1678. Dennes son, l\u00f6jtnant Gustaf Augustin, fick en dotter och sonen Carl Bernt, som blev f\u00e4nrik och dog 1771. \u00c4ttlingar var ryttm\u00e4stare Carl Gustaf och \u00f6verstel\u00f6jtnant Zacharias Bernt (se tredje och fj\u00e4rde linjerna).<br \/>\nCarl Gustafs son hette Gustaf Johan och var major i arm\u00e9n. Av hans fem barn var det Johan Vilhelm som f\u00f6rde namnet vidare p\u00e5 den andra linjen. Han blev stadsfiskal och dog 1897. L\u00e4s vidare i Sveriges Adelskalender.<\/p>\n<p>Tredje linjen<br \/>\n\u00d6verstel\u00f6jtnant Zacharias Bernt dog 1788. Han fick tio barn varav sex s\u00f6ner. Tv\u00e5 av dessa, Erik Vilhelm och Jacob Magnus (se fj\u00e4rde linjen), fortlever i ytterligare generationer. Major Erik Vilhelm blev inskriven p\u00e5 riddarhuset i Finland \u00e5r 1818 under nr 4 ( se \u00e4ven Gustaf huvudmannalinjen ovan ? red\/sekr PU) bland adelsm\u00e4n. Han fick tolv barn och av dessa har sonen Otto Erik \u00e4ttlingar i Finland. Brodern Gustaf Robert var handlande och fick nio barn. Dennes son tulldirekt\u00f6ren Otto Bruno (d\u00f6d 1901) har \u00e4ttlingar i Sverige (se Sveriges Adelskalender) och i Finland.<\/p>\n<p>Fj\u00e4rde linjen<br \/>\nMajor Jacob Magnus dog 1833 i Borg\u00e5. Han fick elva barn varav s\u00f6nerna Knut Fredrik Magnus och Alexanders \u00e4ttlingar lever vidare. Knut Fredrik Magnus var statsr\u00e5d och dog 1899 i Warschau (Warschawa?) och sonen Ferdinand Vilhelm Maximilians barnbarn har flyttat till Sverige. Se vidare i Sveriges Adelskalender. Alexanders \u00e4ttlingar fortlever i Finland.<\/p>\n<p>Averstad och Krokstad<br \/>\nJohan Claesson Uggla \u00e4rvde Averstad i V\u00e4rmland efter fadern Claes Arvidsson (d\u00f6d 1611) och var huvudman f\u00f6r denna gren. Han dog 1649 och ligger begraven i Millesviks kyrka i V\u00e4rmland. Johan Claesson fick sex barn varav tre s\u00f6ner; Claes (se friherrliga \u00e4tten Uggla), Olof och G\u00f6ran. Olof dog f\u00f6re 1659 och fick inga s\u00f6ner. G\u00f6ran fick genom gifte g\u00e5rden Krokstad i V\u00e4rmland. Han blev kapten, dog 1675 och fick nio barn men endast sonen Knut f\u00f6rde namnet vidare. Denne var \u00f6verstel\u00f6jtnant och dog 1722. Av hans tio barn var det s\u00f6nerna Georg Gustaf (f\u00f6rsta linjen) och Johan Ulrik (andra linjen) som f\u00f6rde namnet vidare i ytterligare generationer.<\/p>\n<p>F\u00f6rsta linjen<br \/>\nGeorg Gustaf var hovj\u00e4gm\u00e4stare och dog 1771. Han ligger begraven i By kyrka. Av de sju barnen f\u00f6rdes namnet vidare av sonen Georg Gustaf. Denne var kapten i rysk och nordamerikansk tj\u00e4nst och dog 1822. Sonen Georg Gustaf var hemmans\u00e4gare (f 1800-talets b\u00f6rjan?) och \u00e4ven sonsonen Georg Gustaf var hemmans\u00e4gare (d\u00f6d 1900). L\u00e4s vidare i Sveriges Adelskalender.<\/p>\n<p>Andra linjen<br \/>\nJohan Ulrik var f\u00e4nrik och dog 1755. Han fick elva barn men endast sonen Knut Fredrik (d\u00f6d 1781) f\u00f6rde namnet vidare. Han var f\u00e4ltv\u00e4bel och fick en son, Johan Mattias, som blev fanjunkare (d\u00f6d 1858). Dennes son, Carl Fredrik, var sergeant och dog 1875. \u00c4ttlingar utvandrade till USA. L\u00e4s vidare i Sveriges Adelskalender.<\/p>\n<p>Saleby<br \/>\nHuvudmannen Jacob Claesson Uggla \u00e4rvde Saleby (Skaraborgs l\u00e4n) efter fadern Claes Arvidsson (d\u00f6d 1611). Han fick en son, \u00f6verste Johan Uggla, som f\u00f6rde namnet vidare i fyra generationer. Den 20 december 1800 d\u00f6mdes stabskapten Bengt Jacob (f\u00f6dd 1773) f\u00f6r snatteri av Svea hovr\u00e4tt och f\u00f6rlorade adelskapet.<\/p>\n<p>V\u00e4rml\u00e4ndska<br \/>\nI testamente fr\u00e5n 1608 f\u00f6rklarade Claes Arvidsson (d\u00f6d 1611) hush\u00e5llerskan som sin andra hustru och de tre barnen som \u00e4kta. Dessa barn fick dock ingen del av faderns fasta egendom. Sonen major Hildebrand Claesson Uggla processade 1652 mot sina halvsyskon om del av arvet. Processen avgjordes slutligen av drottning Kristina till hans nackdel, men Hildebrand Claessons adelskap fick ett formellt erk\u00e4nnande. Genom kronan k\u00f6pte han g\u00e5rdarna Knistad i Skaraborgs l\u00e4n och Hammarsten i V\u00e4rmland. Av Hildebrand Claessons (d\u00f6d 1677) s\u00f6ner var det tre som f\u00f6rde namnet Uggla vidare p\u00e5 den v\u00e4rml\u00e4ndska \u00e4ttegrenen: Carl, Lennart och Erik.<\/p>\n<p>F\u00f6rsta linjen<br \/>\nKapten Carl f\u00f6ddes 1655 och dog 1744 p\u00e5 Hammarsten i V\u00e4rmland. Han var gift tv\u00e5 g\u00e5nger och fick 24 barn varav nio dog tidigt. Tv\u00e5 av s\u00f6nerna, Hildebrand och Carl, f\u00f6rde namnet vidare. Generaladjutant Hildebrand fick en son, Carl Fredrik. Han har gjort sig k\u00e4nd f\u00f6r sina heraldiska, historiska och topografiska arbeten, bland annat \u201dLefvernesbeskrifning \u00f6fver amiralen friherre Claes Johansson Uggla\u201d (1777). Carl Fredrik Uggla blev kammarherre och dog 1803. Sonen Carl blev hovmarskalk 1826 och efter hans son kammarherren Jacob Fredrik Teodor (d\u00f6d 1864) finns \u00e4ttlingar i USA. L\u00e4s vidare i Sveriges Adelskalender.<\/p>\n<p>Andra linjen<br \/>\nHildebrands (f\u00f6dd 1685) yngre bror hette Carl. Han var kapten och dog 1766. Sonen Fredrik Johan \u00e4gde Edsbergs bruk i V\u00e4rmland. Av s\u00f6nerna f\u00f6rde Jan Gustaf, lantbrukare, namnet vidare efter sin d\u00f6d 1814. L\u00e4s vidare i Sveriges Adelskalender.<\/p>\n<p>Tredje linjen<br \/>\nKapten Carls yngre bror, Lennart, blev major och levde p\u00e5 Hildringsberg i V\u00e4rmland (d\u00f6d 1726). Han var gift tre g\u00e5nger och fick tolv barn. Sonen Claes, som blev kapten, f\u00f6rde namnet vidare. Denne levde p\u00e5 Hildringsberg, var gift tre g\u00e5nger och fick sju barn. S\u00f6nerna dog i unga \u00e5r utom Leonard Fredrik, styckjunkare, d\u00f6d 1790. L\u00e4s vidare i Sveriges Adelskalender.<\/p>\n<p>Fj\u00e4rde linjen<br \/>\nDen yngste brodern till kapten Carl hette Erik. Han var page, sannolikt hos drottning Kristina, och blev sedermera kapten (d\u00f6d 1703). Sonen Carl Reinhold var ocks\u00e5 kapten och levde p\u00e5 Mickels\u00f6n i V\u00e4rmland d\u00e4r han dog 1744. Av de tio barnen var det sonen Carl Fredriks \u00e4ttlingar som f\u00f6rde namnet Uggla vidare. Carl Fredrik var major och dog p\u00e5 Segmon i V\u00e4rmland 1794. Dennes son Carl Fredrik, som ocks\u00e5 var major, efterlevdes av tv\u00e5 s\u00f6ner. L\u00e4s vidare i Sveriges Adelskalender.<\/p>\n<p>Friherrliga \u00e4tten Uggla nr 69<\/p>\n<p>\u00d6verste Johan Claesson Uggla (se bild) (d\u00f6d 1649) fr\u00e5n Averstad i V\u00e4rmland fick som n\u00e4mnts ovan under Averstad och Krokstad tre s\u00f6ner. Den \u00e4ldste sonen Claes Johansson Uggla f\u00f6ddes 1614 och blev sj\u00f6milit\u00e4r. Han utm\u00e4rkte sig v\u00e4l vid sj\u00f6slaget i \u00d6resund mot holl\u00e4ndska flottan 1658 och blev major. Utn\u00e4mndes till amiralitetsl\u00f6jtnant 1660 och flyttade sedan till L\u00fcbeck f\u00f6r att ansvara f\u00f6r flottans skeppsbyggnader. \u00c5r 1670 utn\u00e4mndes Claes Uggla till amiral och 1676 till friherre. Samma \u00e5r \u00f6vertog han bef\u00e4let under slaget vid \u00d6lands s\u00f6dra udde. Omringat av femton fientliga fartyg b\u00f6rjade hans skepp Sv\u00e4rdet att brinna. Efter tre timmar st\u00f6rtade sig Claes Uggla i havet och omkom. Hans namn och \u00e5rtalet 1658 finns p\u00e5 sj\u00f6krigsskolans hus p\u00e5 Skeppsholmen. Sonen Johan f\u00f6ddes 1674 och blev amiralitetskapten. Han dog 1736 och ligger begraven p\u00e5 Millesviks kyrkog\u00e5rd. Dennes son Johan Gustaf (f\u00f6dd 1709) blev f\u00e4nrik vid Skaraborgs regemente och levde p\u00e5 sina egendomar Averstad, Uggleberg och Sund i V\u00e4rmland. Han fick 16 barn och av dessa f\u00f6rde Johan Gustaf (f\u00f6dd 1734) namnet vidare. Johan Gustaf var landsh\u00f6vding och dog 1798 p\u00e5 Averstad. Han gifte sig med friherrinnan Fock och paret fick sju barn. Sonen Johan Gustaf (f\u00f6dd 1792) blev kapten 1865 och gifte sig med sin kusin friherrinnan Fredrika Mariana Uggla. Av deras nio barn, f\u00f6rde Evald Julius Ebbe namnet vidare. Han f\u00f6ddes 1824 och blev \u00f6verinspekt\u00f6r vid tullbevakningsinspektionen i Stockholm och d\u00e4refter chef f\u00f6r kustbevakningen i Stockholms sk\u00e4rg\u00e5rd. Dottern Emilie var gift med Verner von Heidenstam. L\u00e4s vidare i Sveriges Adelskalender.<\/p>\n<p>K\u00e4llor: Sveriges ridderskap och adelskalender 1998, Elgenstiernas \u00c4ttartavlor och Svenska adelns \u00e4ttar-taflor av Gabriel Anrep<!--:--><!--:en--><a href=\"http:\/\/old.uggla100.se.loopiadns.com\/wp-content\/uploads\/2009\/10\/Claes_Uggla_stor4.jpg\" target=\"_blank\"><br \/>\n<\/a><\/p>\n","protected":false},"excerpt":{"rendered":"<p>Amiral Friherre Claes Uggla 1614-1676 Sl\u00e4ktf\u00f6reningens sekreterare Evald Uggla tar tacksamt emot synpunkter Adliga \u00e4tten Uggla nr 100 \u00c4tten Uggla \u00e4r en gammal fr\u00e4lsesl\u00e4kt fr\u00e5n V\u00e4sterg\u00f6tland, k\u00e4nd sedan \u00e5r 1508. Sl\u00e4kten blev introducerad p\u00e5 Riddarhuset 1625 och fick nummer 100. Den har flest antal medlemmar och r\u00e4knas som den st\u00f6rsta \u00e4tten inom den svenska adeln. [&hellip;]<\/p>\n","protected":false},"author":1,"featured_media":0,"parent":0,"menu_order":0,"comment_status":"open","ping_status":"open","template":"","meta":{"ngg_post_thumbnail":0},"_links":{"self":[{"href":"https:\/\/old.uggla100.se\/index.php?rest_route=\/wp\/v2\/pages\/15"}],"collection":[{"href":"https:\/\/old.uggla100.se\/index.php?rest_route=\/wp\/v2\/pages"}],"about":[{"href":"https:\/\/old.uggla100.se\/index.php?rest_route=\/wp\/v2\/types\/page"}],"author":[{"embeddable":true,"href":"https:\/\/old.uggla100.se\/index.php?rest_route=\/wp\/v2\/users\/1"}],"replies":[{"embeddable":true,"href":"https:\/\/old.uggla100.se\/index.php?rest_route=%2Fwp%2Fv2%2Fcomments&post=15"}],"version-history":[{"count":14,"href":"https:\/\/old.uggla100.se\/index.php?rest_route=\/wp\/v2\/pages\/15\/revisions"}],"predecessor-version":[{"id":24,"href":"https:\/\/old.uggla100.se\/index.php?rest_route=\/wp\/v2\/pages\/15\/revisions\/24"}],"wp:attachment":[{"href":"https:\/\/old.uggla100.se\/index.php?rest_route=%2Fwp%2Fv2%2Fmedia&parent=15"}],"curies":[{"name":"wp","href":"https:\/\/api.w.org\/{rel}","templated":true}]}}